{"id":29,"date":"2025-07-26T13:53:03","date_gmt":"2025-07-26T13:53:03","guid":{"rendered":"https:\/\/www.ferremiroberto.it\/?page_id=29"},"modified":"2025-10-17T20:09:47","modified_gmt":"2025-10-17T20:09:47","slug":"le-nostre-attivita","status":"publish","type":"page","link":"https:\/\/www.ferremiroberto.it\/index.php\/le-nostre-attivita\/","title":{"rendered":"Le nostre attivit\u00e0"},"content":{"rendered":"<div data-colibri-id=\"29-c1\" class=\"style-365 style-local-29-c1 position-relative\">\n  <!---->\n  <div data-colibri-component=\"section\" data-colibri-id=\"29-c6\" id=\"custom\" class=\"h-section h-section-global-spacing d-flex align-items-lg-center align-items-md-center align-items-center style-370 style-local-29-c6 position-relative\">\n    <!---->\n    <!---->\n    <div class=\"h-section-grid-container h-section-boxed-container\">\n      <!---->\n      <div data-colibri-id=\"29-c21\" class=\"h-row-container gutters-row-lg-2 gutters-row-md-2 gutters-row-0 gutters-row-v-lg-2 gutters-row-v-md-2 gutters-row-v-2 style-385 style-local-29-c21 position-relative\">\n        <!---->\n        <div class=\"h-row justify-content-lg-center justify-content-md-center justify-content-center align-items-lg-stretch align-items-md-stretch align-items-stretch gutters-col-lg-2 gutters-col-md-2 gutters-col-0 gutters-col-v-lg-2 gutters-col-v-md-2 gutters-col-v-2\">\n          <!---->\n          <div class=\"h-column h-column-container d-flex h-col-lg-auto h-col-md-auto h-col-auto style-386-outer style-local-29-c22-outer\">\n            <div data-colibri-id=\"29-c22\" class=\"d-flex h-flex-basis h-column__inner h-px-lg-2 h-px-md-2 h-px-2 v-inner-lg-2 v-inner-md-2 v-inner-2 style-386 style-local-29-c22 position-relative\">\n              <!---->\n              <!---->\n              <div class=\"w-100 h-y-container h-column__content h-column__v-align flex-basis-100 align-self-lg-start align-self-md-start align-self-start\">\n                <!---->\n                <div data-colibri-id=\"29-c23\" class=\"h-global-transition-all h-heading style-387 style-local-29-c23 position-relative h-element\">\n                  <!---->\n                  <div class=\"h-heading__outer style-387 style-local-29-c23\">\n                    <!---->\n                    <!---->\n                    <h3 class=\"\">Manutenzione di pompe dosatrici e impianti di miscelazione liquidi<\/h3>\n                  <\/div>\n                <\/div>\n              <\/div>\n            <\/div>\n          <\/div>\n        <\/div>\n      <\/div>\n      <div data-colibri-id=\"29-c7\" class=\"h-row-container gutters-row-lg-2 gutters-row-md-2 gutters-row-0 gutters-row-v-lg-2 gutters-row-v-md-2 gutters-row-v-2 style-371 style-local-29-c7 position-relative\">\n        <!---->\n        <div class=\"h-row justify-content-lg-center justify-content-md-center justify-content-center align-items-lg-stretch align-items-md-stretch align-items-stretch gutters-col-lg-2 gutters-col-md-2 gutters-col-0 gutters-col-v-lg-2 gutters-col-v-md-2 gutters-col-v-2\">\n          <!---->\n          <div class=\"h-column h-column-container d-flex h-col-lg-auto h-col-md-auto h-col-auto style-372-outer style-local-29-c8-outer\">\n            <div data-colibri-id=\"29-c8\" class=\"d-flex h-flex-basis h-column__inner h-px-lg-2 h-px-md-2 h-px-2 v-inner-lg-2 v-inner-md-2 v-inner-2 style-372 style-local-29-c8 position-relative\">\n              <!---->\n              <!---->\n              <div class=\"w-100 h-y-container h-column__content h-column__v-align flex-basis-100 align-self-lg-start align-self-md-start align-self-start\">\n                <!---->\n                <div data-colibri-id=\"29-c24\" class=\"h-text h-text-component style-388 style-local-29-c24 position-relative h-element\">\n                  <!---->\n                  <!---->\n                  <div class=\"\">\n                    <p><em>La manutenzione industriale \u00e8 l\u2019attivit\u00e0 cardine della nostra societ\u00e0. Eseguiamo il&nbsp;nostro lavoro con manutenzioni annuali preventive, ordinarie e straordinarie in base&nbsp;alle richieste di ogni cliente.&nbsp;<\/em><\/p>\n                    <p><em>Ci occupiamo personalmente dello smontaggio di ogni componente, della&nbsp;sostituzione delle parti usurate o danneggiate e del rimontaggio di tutto il&nbsp;macchinario con la conseguente messa in funzione dell\u2019impianto.<\/em><\/p>\n                    <p><em>Per quanto riguarda le manutenzioni straordinarie la nostra forza \u00e8 la tempestivit\u00e0&nbsp;del nostro intervento per fare in modo che questi impianti, che lavorano a ciclo&nbsp;continuo, stiano fermi il meno possibile per garantire al cliente il minimo calo di&nbsp;produttivit\u00e0 e che l\u2019impianto ritorni immediatamente a funzionare in modo&nbsp;corretto.<\/em><\/p>\n                  <\/div>\n                <\/div>\n              <\/div>\n            <\/div>\n          <\/div>\n        <\/div>\n      <\/div>\n    <\/div>\n  <\/div>\n  <div data-colibri-component=\"section\" data-colibri-id=\"29-c25\" id=\"custom-2\" class=\"h-section h-section-global-spacing d-flex align-items-lg-center align-items-md-center align-items-center style-389 style-local-29-c25 position-relative\">\n    <!---->\n    <!---->\n    <div class=\"h-section-grid-container h-section-boxed-container\">\n      <!---->\n      <div data-colibri-id=\"29-c26\" class=\"h-row-container gutters-row-lg-2 gutters-row-md-2 gutters-row-0 gutters-row-v-lg-2 gutters-row-v-md-2 gutters-row-v-2 style-390 style-local-29-c26 position-relative\">\n        <!---->\n        <div class=\"h-row justify-content-lg-center justify-content-md-center justify-content-center align-items-lg-stretch align-items-md-stretch align-items-stretch gutters-col-lg-2 gutters-col-md-2 gutters-col-0 gutters-col-v-lg-2 gutters-col-v-md-2 gutters-col-v-2\">\n          <!---->\n          <div class=\"h-column h-column-container d-flex h-col-lg-auto h-col-md-auto h-col-auto style-391-outer style-local-29-c27-outer\">\n            <div data-colibri-id=\"29-c27\" class=\"d-flex h-flex-basis h-column__inner h-px-lg-2 h-px-md-2 h-px-2 v-inner-lg-2 v-inner-md-2 v-inner-2 style-391 style-local-29-c27 position-relative\">\n              <!---->\n              <!---->\n              <div class=\"w-100 h-y-container h-column__content h-column__v-align flex-basis-100 align-self-lg-start align-self-md-start align-self-start\">\n                <!---->\n                <div data-colibri-id=\"29-c28\" class=\"h-global-transition-all h-heading style-392 style-local-29-c28 position-relative h-element\">\n                  <!---->\n                  <div class=\"h-heading__outer style-392 style-local-29-c28\">\n                    <!---->\n                    <!---->\n                    <h3 class=\"\">Gestione magazzino e pronta consegna<\/h3>\n                  <\/div>\n                <\/div>\n                <div data-colibri-id=\"29-c29\" class=\"h-text h-text-component style-393 style-local-29-c29 position-relative h-element\">\n                  <!---->\n                  <!---->\n                  <div class=\"\">\n                    <p><em>Soddisfare la clientela \u00e8 la nostra principale priorit\u00e0. A questo scopo abbiamo&nbsp;attivato un servizio di gestione magazzino, nel quale trovano posto sia componenti&nbsp;realizzati in proprio, sia componenti standard di difficile reperibilit\u00e0.<\/em><\/p>\n                    <p><em>La nostra struttura logistica \u00e8 completata dalla garanzia di pronta consegna in 16h&nbsp;(tramite corrieri espresso) in tutto il territorio nazionale dopo prima fornitura.<\/em><\/p>\n                    <p><em>La gestione del magazzino riduce i costi dei nostri clienti e ci da la possibilit\u00e0 di&nbsp;stoccare ogni parte di ricambio appartenente ad ogni cliente e di conseguenza&nbsp;avere immediata disponibilit\u00e0 in caso di necessit\u00e0, per ridurre al minimo possibile i&nbsp;fermi impianto.<\/em><\/p>\n                  <\/div>\n                <\/div>\n              <\/div>\n            <\/div>\n          <\/div>\n        <\/div>\n      <\/div>\n    <\/div>\n  <\/div>\n  <div data-colibri-component=\"section\" data-colibri-id=\"29-c30\" id=\"custom-3\" class=\"h-section h-section-global-spacing d-flex align-items-lg-center align-items-md-center align-items-center style-394 style-local-29-c30 position-relative\">\n    <!---->\n    <!---->\n    <div class=\"h-section-grid-container h-section-boxed-container\">\n      <!---->\n      <div data-colibri-id=\"29-c33\" class=\"h-row-container gutters-row-lg-2 gutters-row-md-2 gutters-row-0 gutters-row-v-lg-2 gutters-row-v-md-2 gutters-row-v-2 style-397 style-local-29-c33 position-relative\">\n        <!---->\n        <div class=\"h-row justify-content-lg-center justify-content-md-center justify-content-center align-items-lg-stretch align-items-md-stretch align-items-stretch gutters-col-lg-2 gutters-col-md-2 gutters-col-0 gutters-col-v-lg-2 gutters-col-v-md-2 gutters-col-v-2\">\n          <!---->\n          <div class=\"h-column h-column-container d-flex h-col-lg-auto h-col-md-auto h-col-auto style-398-outer style-local-29-c34-outer\">\n            <div data-colibri-id=\"29-c34\" class=\"d-flex h-flex-basis h-column__inner h-px-lg-2 h-px-md-2 h-px-2 v-inner-lg-2 v-inner-md-2 v-inner-2 style-398 style-local-29-c34 position-relative\">\n              <!---->\n              <!---->\n              <div class=\"w-100 h-y-container h-column__content h-column__v-align flex-basis-100 align-self-lg-start align-self-md-start align-self-start\">\n                <!---->\n                <div data-colibri-id=\"29-c35\" class=\"h-global-transition-all h-heading style-399 style-local-29-c35 position-relative h-element\">\n                  <!---->\n                  <div class=\"h-heading__outer style-399 style-local-29-c35\">\n                    <!---->\n                    <!---->\n                    <h3 class=\"\">Revisione e rettifiche di componenti usurati<\/h3>\n                  <\/div>\n                <\/div>\n              <\/div>\n            <\/div>\n          <\/div>\n        <\/div>\n      <\/div>\n      <div data-colibri-id=\"29-c31\" class=\"h-row-container gutters-row-lg-2 gutters-row-md-2 gutters-row-0 gutters-row-v-lg-2 gutters-row-v-md-2 gutters-row-v-2 style-395 style-local-29-c31 position-relative\">\n        <!---->\n        <div class=\"h-row justify-content-lg-center justify-content-md-center justify-content-center align-items-lg-stretch align-items-md-stretch align-items-stretch gutters-col-lg-2 gutters-col-md-2 gutters-col-0 gutters-col-v-lg-2 gutters-col-v-md-2 gutters-col-v-2\">\n          <!---->\n          <div class=\"h-column h-column-container d-flex h-col-lg-auto h-col-md-auto h-col-auto style-396-outer style-local-29-c32-outer\">\n            <div data-colibri-id=\"29-c32\" class=\"d-flex h-flex-basis h-column__inner h-px-lg-2 h-px-md-2 h-px-2 v-inner-lg-2 v-inner-md-2 v-inner-2 style-396 style-local-29-c32 position-relative\">\n              <!---->\n              <!---->\n              <div class=\"w-100 h-y-container h-column__content h-column__v-align flex-basis-100 align-self-lg-start align-self-md-start align-self-start\">\n                <!---->\n                <div data-colibri-id=\"29-c36\" class=\"h-text h-text-component style-400 style-local-29-c36 position-relative h-element\">\n                  <!---->\n                  <!---->\n                  <div class=\"\">\n                    <p><em>La revisione di componenti usurati \u00e8 uno dei nostri punti di forza.<\/em><\/p>\n                    <p><em>Siamo in grado di offrire totale assistenza sia sulle parti meccaniche che sulle parti di&nbsp;usura e di garantire che tutti gli standard qualitativi richiesti siano applicati durante&nbsp;le varie attivit\u00e0 di sostituzione.<\/em><\/p>\n                    <p><em>Sar\u00e0 nostra particolare cura farci carico di eventuali sostituzioni\/rettifiche e di&nbsp;verificare in loco il corretto funzionamento di ogni dispositivo.<\/em><\/p>\n                  <\/div>\n                <\/div>\n              <\/div>\n            <\/div>\n          <\/div>\n        <\/div>\n      <\/div>\n    <\/div>\n  <\/div>\n  <div data-colibri-component=\"section\" data-colibri-id=\"29-c37\" id=\"custom-4\" class=\"h-section h-section-global-spacing d-flex align-items-lg-center align-items-md-center align-items-center style-401 style-local-29-c37 position-relative\">\n    <!---->\n    <!---->\n    <div class=\"h-section-grid-container h-section-boxed-container\">\n      <!---->\n      <div data-colibri-id=\"29-c38\" class=\"h-row-container gutters-row-lg-2 gutters-row-md-2 gutters-row-0 gutters-row-v-lg-2 gutters-row-v-md-2 gutters-row-v-2 style-402 style-local-29-c38 position-relative\">\n        <!---->\n        <div class=\"h-row justify-content-lg-center justify-content-md-center justify-content-center align-items-lg-stretch align-items-md-stretch align-items-stretch gutters-col-lg-2 gutters-col-md-2 gutters-col-0 gutters-col-v-lg-2 gutters-col-v-md-2 gutters-col-v-2\">\n          <!---->\n          <div class=\"h-column h-column-container d-flex h-col-lg-auto h-col-md-auto h-col-auto style-403-outer style-local-29-c39-outer\">\n            <div data-colibri-id=\"29-c39\" class=\"d-flex h-flex-basis h-column__inner h-px-lg-2 h-px-md-2 h-px-2 v-inner-lg-2 v-inner-md-2 v-inner-2 style-403 style-local-29-c39 position-relative\">\n              <!---->\n              <!---->\n              <div class=\"w-100 h-y-container h-column__content h-column__v-align flex-basis-100 align-self-lg-start align-self-md-start align-self-start\">\n                <!---->\n                <div data-colibri-id=\"29-c40\" class=\"h-global-transition-all h-heading style-404 style-local-29-c40 position-relative h-element\">\n                  <!---->\n                  <div class=\"h-heading__outer style-404 style-local-29-c40\">\n                    <!---->\n                    <!---->\n                    <h3 class=\"\">Reperimento di parti di ricambio originali e alternative<\/h3>\n                  <\/div>\n                <\/div>\n              <\/div>\n            <\/div>\n          <\/div>\n        <\/div>\n      <\/div>\n      <div data-colibri-id=\"29-c44\" class=\"h-row-container gutters-row-lg-2 gutters-row-md-2 gutters-row-0 gutters-row-v-lg-2 gutters-row-v-md-2 gutters-row-v-2 style-408 style-local-29-c44 position-relative\">\n        <!---->\n        <div class=\"h-row justify-content-lg-center justify-content-md-center justify-content-center align-items-lg-stretch align-items-md-stretch align-items-stretch gutters-col-lg-2 gutters-col-md-2 gutters-col-0 gutters-col-v-lg-2 gutters-col-v-md-2 gutters-col-v-2\">\n          <!---->\n          <div class=\"h-column h-column-container d-flex h-col-lg-auto h-col-md-auto h-col-auto style-409-outer style-local-29-c45-outer\">\n            <div data-colibri-id=\"29-c45\" class=\"d-flex h-flex-basis h-column__inner h-px-lg-2 h-px-md-2 h-px-2 v-inner-lg-2 v-inner-md-2 v-inner-2 style-409 style-local-29-c45 position-relative\">\n              <!---->\n              <!---->\n              <div class=\"w-100 h-y-container h-column__content h-column__v-align flex-basis-100 align-self-lg-start align-self-md-start align-self-start\">\n                <!---->\n                <div data-colibri-id=\"29-c46\" class=\"h-text h-text-component style-410 style-local-29-c46 position-relative h-element\">\n                  <!---->\n                  <!---->\n                  <div class=\"\">\n                    <p><em>La nostra approfondita conoscenza dei materiali e della rete di distribuzione dei&nbsp;ricambi nel settore, ci permette di offrire un servizio di reperimento di componenti&nbsp;originali e alternativi in tempi brevi, garantendo contemporaneamente i prezzi pi\u00f9&nbsp;vantaggiosi.<\/em><\/p>\n                  <\/div>\n                <\/div>\n              <\/div>\n            <\/div>\n          <\/div>\n        <\/div>\n      <\/div>\n    <\/div>\n  <\/div>\n  <div data-colibri-component=\"section\" data-colibri-id=\"29-c41\" id=\"custom-5\" class=\"h-section h-section-global-spacing d-flex align-items-lg-center align-items-md-center align-items-center style-405 style-local-29-c41 position-relative\">\n    <!---->\n    <!---->\n    <div class=\"h-section-grid-container h-section-boxed-container\">\n      <!---->\n      <div data-colibri-id=\"29-c42\" class=\"h-row-container gutters-row-lg-2 gutters-row-md-2 gutters-row-0 gutters-row-v-lg-2 gutters-row-v-md-2 gutters-row-v-2 style-406 style-local-29-c42 position-relative\">\n        <!---->\n        <div class=\"h-row justify-content-lg-center justify-content-md-center justify-content-center align-items-lg-stretch align-items-md-stretch align-items-stretch gutters-col-lg-2 gutters-col-md-2 gutters-col-0 gutters-col-v-lg-2 gutters-col-v-md-2 gutters-col-v-2\">\n          <!---->\n          <div class=\"h-column h-column-container d-flex h-col-lg-auto h-col-md-auto h-col-auto style-407-outer style-local-29-c43-outer\">\n            <div data-colibri-id=\"29-c43\" class=\"d-flex h-flex-basis h-column__inner h-px-lg-2 h-px-md-2 h-px-2 v-inner-lg-2 v-inner-md-2 v-inner-2 style-407 style-local-29-c43 position-relative\">\n              <!---->\n              <!---->\n              <div class=\"w-100 h-y-container h-column__content h-column__v-align flex-basis-100 align-self-lg-start align-self-md-start align-self-start\">\n                <!---->\n                <div data-colibri-id=\"29-c47\" class=\"h-global-transition-all h-heading style-411 style-local-29-c47 position-relative h-element\">\n                  <!---->\n                  <div class=\"h-heading__outer style-411 style-local-29-c47\">\n                    <!---->\n                    <!---->\n                    <h3 class=\"\">Realizzazione pezzi di ricambio<\/h3>\n                  <\/div>\n                <\/div>\n                <div data-colibri-id=\"29-c48\" class=\"h-text h-text-component style-412 style-local-29-c48 position-relative h-element\">\n                  <!---->\n                  <!---->\n                  <div class=\"\">\n                    <p><em>Realizziamo per i nostri clienti ogni pezzo di ricambio tramite disegno o a campione, garantendo un risultato tecnico di altissima qualit\u00e0 e conforme alle aspettative,&nbsp;anche attraverso la creazione di stampi specifici.<\/em><\/p>\n                  <\/div>\n                <\/div>\n              <\/div>\n            <\/div>\n          <\/div>\n        <\/div>\n      <\/div>\n    <\/div>\n  <\/div>\n<\/div>","protected":false},"excerpt":{"rendered":"<p>Manutenzione di pompe dosatrici e impianti di miscelazione liquidi La manutenzione industriale \u00e8 l\u2019attivit\u00e0 cardine della nostra societ\u00e0. Eseguiamo il&nbsp;nostro lavoro con manutenzioni annuali preventive, ordinarie e straordinarie in base&nbsp;alle richieste di ogni cliente.&nbsp; Ci occupiamo personalmente dello smontaggio di ogni componente, della&nbsp;sostituzione delle parti usurate o danneggiate e del rimontaggio di tutto il&nbsp;macchinario con [&hellip;]<\/p>\n","protected":false},"author":1,"featured_media":0,"parent":0,"menu_order":0,"comment_status":"closed","ping_status":"closed","template":"page-templates\/full-width-page.php","meta":{"ngg_post_thumbnail":0,"footnotes":""},"class_list":["post-29","page","type-page","status-publish","hentry"],"_links":{"self":[{"href":"https:\/\/www.ferremiroberto.it\/index.php\/wp-json\/wp\/v2\/pages\/29","targetHints":{"allow":["GET"]}}],"collection":[{"href":"https:\/\/www.ferremiroberto.it\/index.php\/wp-json\/wp\/v2\/pages"}],"about":[{"href":"https:\/\/www.ferremiroberto.it\/index.php\/wp-json\/wp\/v2\/types\/page"}],"author":[{"embeddable":true,"href":"https:\/\/www.ferremiroberto.it\/index.php\/wp-json\/wp\/v2\/users\/1"}],"replies":[{"embeddable":true,"href":"https:\/\/www.ferremiroberto.it\/index.php\/wp-json\/wp\/v2\/comments?post=29"}],"version-history":[{"count":3,"href":"https:\/\/www.ferremiroberto.it\/index.php\/wp-json\/wp\/v2\/pages\/29\/revisions"}],"predecessor-version":[{"id":149,"href":"https:\/\/www.ferremiroberto.it\/index.php\/wp-json\/wp\/v2\/pages\/29\/revisions\/149"}],"wp:attachment":[{"href":"https:\/\/www.ferremiroberto.it\/index.php\/wp-json\/wp\/v2\/media?parent=29"}],"curies":[{"name":"wp","href":"https:\/\/api.w.org\/{rel}","templated":true}]}}